{"id":21894,"date":"2025-07-07T17:10:17","date_gmt":"2025-07-07T17:10:17","guid":{"rendered":"https:\/\/www.euramobil.de\/?page_id=21894"},"modified":"2025-07-12T07:28:41","modified_gmt":"2025-07-12T07:28:41","slug":"protection-des-donnees","status":"publish","type":"page","link":"https:\/\/www.euramobil.de\/fr\/datenschutz\/","title":{"rendered":"Protection des donn\u00e9es"},"content":{"rendered":"","protected":false},"excerpt":{"rendered":"","protected":false},"author":1,"featured_media":0,"parent":0,"menu_order":0,"comment_status":"closed","ping_status":"closed","template":"","meta":{"_acf_changed":false,"_seopress_robots_primary_cat":"","_seopress_titles_title":"Datenschutz - Eura Mobil","_seopress_titles_desc":"Informationen zum Schutz Ihrer Daten bei Eura Mobil gem\u00e4\u00df geltender Datenschutzbestimmungen in h\u00f6chster Sorgfalt und Transparenz.","_seopress_robots_index":"","_seopress_analysis_target_kw":"","footnotes":""},"class_list":["post-21894","page","type-page","status-publish","hentry"],"acf":[],"_links":{"self":[{"href":"https:\/\/www.euramobil.de\/fr\/wp-json\/wp\/v2\/pages\/21894","targetHints":{"allow":["GET"]}}],"collection":[{"href":"https:\/\/www.euramobil.de\/fr\/wp-json\/wp\/v2\/pages"}],"about":[{"href":"https:\/\/www.euramobil.de\/fr\/wp-json\/wp\/v2\/types\/page"}],"author":[{"embeddable":true,"href":"https:\/\/www.euramobil.de\/fr\/wp-json\/wp\/v2\/users\/1"}],"replies":[{"embeddable":true,"href":"https:\/\/www.euramobil.de\/fr\/wp-json\/wp\/v2\/comments?post=21894"}],"version-history":[{"count":2,"href":"https:\/\/www.euramobil.de\/fr\/wp-json\/wp\/v2\/pages\/21894\/revisions"}],"predecessor-version":[{"id":22041,"href":"https:\/\/www.euramobil.de\/fr\/wp-json\/wp\/v2\/pages\/21894\/revisions\/22041"}],"wp:attachment":[{"href":"https:\/\/www.euramobil.de\/fr\/wp-json\/wp\/v2\/media?parent=21894"}],"curies":[{"name":"wp","href":"https:\/\/api.w.org\/{rel}","templated":true}]}}