{"id":7,"date":"2025-05-26T21:26:01","date_gmt":"2025-05-26T21:26:01","guid":{"rendered":"https:\/\/www.euramobil.de\/?page_id=7"},"modified":"2025-07-12T07:26:00","modified_gmt":"2025-07-12T07:26:00","slug":"home","status":"publish","type":"page","link":"https:\/\/www.euramobil.de\/nb\/","title":{"rendered":"Hjem"},"content":{"rendered":"","protected":false},"excerpt":{"rendered":"","protected":false},"author":1,"featured_media":0,"parent":0,"menu_order":0,"comment_status":"closed","ping_status":"closed","template":"","meta":{"_acf_changed":false,"_seopress_robots_primary_cat":"","_seopress_titles_title":"Eura Mobil - Premium Reisemobile und Vans","_seopress_titles_desc":"Erleben Sie Eura Mobil \u2013 Ihr Partner f\u00fcr Premium-Reisemobile mit h\u00f6chster Qualit\u00e4t, innovativem Design und jahrzehntelanger Expertise.","_seopress_robots_index":"","_seopress_analysis_target_kw":"","footnotes":""},"class_list":["post-7","page","type-page","status-publish","hentry"],"acf":[],"_links":{"self":[{"href":"https:\/\/www.euramobil.de\/nb\/wp-json\/wp\/v2\/pages\/7","targetHints":{"allow":["GET"]}}],"collection":[{"href":"https:\/\/www.euramobil.de\/nb\/wp-json\/wp\/v2\/pages"}],"about":[{"href":"https:\/\/www.euramobil.de\/nb\/wp-json\/wp\/v2\/types\/page"}],"author":[{"embeddable":true,"href":"https:\/\/www.euramobil.de\/nb\/wp-json\/wp\/v2\/users\/1"}],"replies":[{"embeddable":true,"href":"https:\/\/www.euramobil.de\/nb\/wp-json\/wp\/v2\/comments?post=7"}],"version-history":[{"count":4,"href":"https:\/\/www.euramobil.de\/nb\/wp-json\/wp\/v2\/pages\/7\/revisions"}],"predecessor-version":[{"id":22108,"href":"https:\/\/www.euramobil.de\/nb\/wp-json\/wp\/v2\/pages\/7\/revisions\/22108"}],"wp:attachment":[{"href":"https:\/\/www.euramobil.de\/nb\/wp-json\/wp\/v2\/media?parent=7"}],"curies":[{"name":"wp","href":"https:\/\/api.w.org\/{rel}","templated":true}]}}