{"id":21876,"date":"2025-07-07T09:06:40","date_gmt":"2025-07-07T09:06:40","guid":{"rendered":"https:\/\/www.euramobil.de\/?page_id=21876"},"modified":"2025-09-25T08:14:34","modified_gmt":"2025-09-25T08:14:34","slug":"avtryck","status":"publish","type":"page","link":"https:\/\/www.euramobil.de\/sv\/impressum\/","title":{"rendered":"Avtryck"},"content":{"rendered":"","protected":false},"excerpt":{"rendered":"","protected":false},"author":1,"featured_media":0,"parent":0,"menu_order":0,"comment_status":"closed","ping_status":"closed","template":"","meta":{"_acf_changed":false,"_seopress_robots_primary_cat":"","_seopress_titles_title":"Impressum - Eura Mobil","_seopress_titles_desc":"Rechtliche Angaben zu Eura Mobil GmbH in Sprendlingen gem\u00e4\u00df gesetzlicher Vorgaben f\u00fcr Transparenz und Kontaktaufnahme.","_seopress_robots_index":"","_seopress_analysis_target_kw":"","footnotes":""},"class_list":["post-21876","page","type-page","status-publish","hentry"],"acf":[],"_links":{"self":[{"href":"https:\/\/www.euramobil.de\/sv\/wp-json\/wp\/v2\/pages\/21876","targetHints":{"allow":["GET"]}}],"collection":[{"href":"https:\/\/www.euramobil.de\/sv\/wp-json\/wp\/v2\/pages"}],"about":[{"href":"https:\/\/www.euramobil.de\/sv\/wp-json\/wp\/v2\/types\/page"}],"author":[{"embeddable":true,"href":"https:\/\/www.euramobil.de\/sv\/wp-json\/wp\/v2\/users\/1"}],"replies":[{"embeddable":true,"href":"https:\/\/www.euramobil.de\/sv\/wp-json\/wp\/v2\/comments?post=21876"}],"version-history":[{"count":3,"href":"https:\/\/www.euramobil.de\/sv\/wp-json\/wp\/v2\/pages\/21876\/revisions"}],"predecessor-version":[{"id":22653,"href":"https:\/\/www.euramobil.de\/sv\/wp-json\/wp\/v2\/pages\/21876\/revisions\/22653"}],"wp:attachment":[{"href":"https:\/\/www.euramobil.de\/sv\/wp-json\/wp\/v2\/media?parent=21876"}],"curies":[{"name":"wp","href":"https:\/\/api.w.org\/{rel}","templated":true}]}}