{"id":21901,"date":"2025-07-09T07:21:17","date_gmt":"2025-07-09T07:21:17","guid":{"rendered":"https:\/\/www.euramobil.de\/?page_id=21901"},"modified":"2025-07-12T07:29:47","modified_gmt":"2025-07-12T07:29:47","slug":"foerklaring-om-tillgaenglighet","status":"publish","type":"page","link":"https:\/\/www.euramobil.de\/sv\/erklaerung-zur-barrierefreiheit\/","title":{"rendered":"F\u00f6rklaring om tillg\u00e4nglighet"},"content":{"rendered":"","protected":false},"excerpt":{"rendered":"","protected":false},"author":1,"featured_media":0,"parent":0,"menu_order":0,"comment_status":"closed","ping_status":"closed","template":"","meta":{"_acf_changed":false,"_seopress_robots_primary_cat":"","_seopress_titles_title":"Barrierefreiheit - Eura Mobil","_seopress_titles_desc":"Erl\u00e4uterungen zur Barrierefreiheit der Eura Mobil Website gem\u00e4\u00df gesetzlicher Vorgaben f\u00fcr uneingeschr\u00e4nkten Zugang und Nutzung.","_seopress_robots_index":"","_seopress_analysis_target_kw":"","footnotes":""},"class_list":["post-21901","page","type-page","status-publish","hentry"],"acf":[],"_links":{"self":[{"href":"https:\/\/www.euramobil.de\/sv\/wp-json\/wp\/v2\/pages\/21901","targetHints":{"allow":["GET"]}}],"collection":[{"href":"https:\/\/www.euramobil.de\/sv\/wp-json\/wp\/v2\/pages"}],"about":[{"href":"https:\/\/www.euramobil.de\/sv\/wp-json\/wp\/v2\/types\/page"}],"author":[{"embeddable":true,"href":"https:\/\/www.euramobil.de\/sv\/wp-json\/wp\/v2\/users\/1"}],"replies":[{"embeddable":true,"href":"https:\/\/www.euramobil.de\/sv\/wp-json\/wp\/v2\/comments?post=21901"}],"version-history":[{"count":2,"href":"https:\/\/www.euramobil.de\/sv\/wp-json\/wp\/v2\/pages\/21901\/revisions"}],"predecessor-version":[{"id":22043,"href":"https:\/\/www.euramobil.de\/sv\/wp-json\/wp\/v2\/pages\/21901\/revisions\/22043"}],"wp:attachment":[{"href":"https:\/\/www.euramobil.de\/sv\/wp-json\/wp\/v2\/media?parent=21901"}],"curies":[{"name":"wp","href":"https:\/\/api.w.org\/{rel}","templated":true}]}}